{"id":2522,"date":"2025-08-01T11:38:39","date_gmt":"2025-08-01T10:38:39","guid":{"rendered":"https:\/\/jasnovidkaviktorija.com\/?post_type=product&#038;p=2522"},"modified":"2026-01-25T13:15:13","modified_gmt":"2026-01-25T12:15:13","slug":"ciscenje-duse-tetma","status":"publish","type":"product","link":"https:\/\/planetzavesti.com\/en\/product\/ciscenje-duse-tetma\/","title":{"rendered":"\u010ci\u0161\u010denje du\u0161e &#8211; vodena tetma"},"content":{"rendered":"<h5 style=\"text-align: left;\"><span style=\"font-size: 16px; -webkit-text-size-adjust: 100%;\">Tetma: \u010cI\u0160\u010cENJE DU\u0160E<\/span><\/h5>\n<p>Ko ni dovolj, da o\u010disti\u0161 prostor.<\/p>\n<p>Ko za\u010duti\u0161, da je nekaj globoko v tebi \u2013 ki ni tvoje.<\/p>\n<p>Tvoja du\u0161a si je zapomnila ve\u010d, kot zmore\u0161 nositi.<\/p>\n<p>Vse, kar ni bilo izre\u010deno.<\/p>\n<p>Vse, kar si ponotranjil\/a od vseh drugih.<\/p>\n<p>Vse, kar je ostalo nalepljeno na tvoje svetlobno polje.<\/p>\n<p>Tetma \u010ci\u0161\u010denje du\u0161e je sveta kopel v svetlobi,<\/p>\n<p>kjer se spirajo tujki, pretekli spomini, preklopi, \u010dustvene vsiljivosti in karmi\u010dni ostanki.<\/p>\n<h5>Kaj se zgodi v tej vodeni tetmi?<\/h5>\n<p>Vodeno prepoznavanje tujih energij in pogodb<\/p>\n<p>Energetsko \u010di\u0161\u010denje preko svetlobne spirale ali angelske vode<\/p>\n<p>Aktivacija tvoje du\u0161ne \u010distosti in obnavljanje notranje svetlobe<\/p>\n<p>Ponovna za\u0161\u010dita: \u201cMoje ni tvoje. Tvoje ni moje.\u201d<\/p>\n<p>&nbsp;<\/p>\n<p>Ne more\u0161 \u017eareti, \u010de je tvoje svetlobno telo oblo\u017eeno s sencami sveta.\u201d<\/p>\n<p>O\u010disti se. Vrni si svojo svetlobo.<\/p>\n<h6><\/h6>\n<h6>Ob nakupu prejme\u0161:<\/h6>\n<p>\u2013 vodeno svetlobno kopel du\u0161e<\/p>\n<p>\u2013 afirmacijo: \u201cMoja du\u0161a je \u010dista. Ostajam svetloba.\u201d<\/p>\n<p>\u2013 simbol: krog svetlobe z vodnim \u017earkom<\/p>\n<p>\u2013 za\u0161\u010ditno kodo proti energetskemu vdorom<\/p>\n<p>Komu je tetma namenjena?<\/p>\n<p>Za vse, ki:<\/p>\n<p>\u010dutijo \u201cte\u017eko du\u0161o\u201d ali ob\u010dutek notranje utrujenosti brez razloga<\/p>\n<p>zaznavajo, da nosijo \u010dustva, misli, energije, ki niso njihove<\/p>\n<p>so v stiku z ljudmi ali okolji, ki jih iz\u010drpavajo (empatija, zdravitelji\u2026)<\/p>\n<p>\u010dutijo karmi\u010dne vezi, vezi preteklih \u017eivljenj ali prelomljene dogovore<\/p>\n<p>si \u017eelijo notranje sve\u017eine, jasnosti, spro\u0161\u010denosti<\/p>\n<p>Tetmaje se izvaja telefonsko cca dvourno na dogovorjen termin, da zasije\u0161 v vsej svoji lepoti in za\u017eivi\u0161 zavestno. Za info&amp; ve\u010d ter vse napotke, dogovore na \u202238641707713<\/p>\n<p>V vednost; v kolikor tetma zakupi\u0161 po akcijski ceni oz \u00a0popustom se vra\u010dilo ne izvaja. Mo\u017ene so tudi sistemske napake, za katere se opravi\u010dujemo in ne prevzemamo odgovornosti. Hvale\u017ena za razumevanje<\/p>\n<ul>\n<li><span class=\"Apple-converted-space\">\u00a0<\/span>Viktorija Negro \u2013 Angelska matrika. Kopiranje, predelava ali uporaba brez dovoljenja ni dovoljena.<\/li>\n<li>\u201cTo, kar sem ustvarila iz svetlobe, ostaja v svetlobi. Moje tetme potujejo le tja, kjer so spo\u0161tovane in kamor so namenjene<\/li>\n<\/ul>\n<p>&nbsp;<\/p>","protected":false},"excerpt":{"rendered":"<p>\ud83d\udd4a\ufe0f Izvedba storitve po pla\u010dilu<br \/>\nPo zaklju\u010denem pla\u010dilu vas kontaktiram za dogovor o izvedbi storitve (termin ali na\u010din izvedbe).<\/p>\n<p>Gre za individualno storitev, prilagojeno posamezniku.<\/p>","protected":false},"featured_media":3563,"comment_status":"open","ping_status":"closed","template":"","meta":{"site-sidebar-layout":"default","site-content-layout":"","ast-site-content-layout":"default","site-content-style":"default","site-sidebar-style":"default","ast-global-header-display":"","ast-banner-title-visibility":"","ast-main-header-display":"","ast-hfb-above-header-display":"","ast-hfb-below-header-display":"","ast-hfb-mobile-header-display":"","site-post-title":"","ast-breadcrumbs-content":"","ast-featured-img":"","footer-sml-layout":"","ast-disable-related-posts":"","theme-transparent-header-meta":"default","adv-header-id-meta":"","stick-header-meta":"","header-above-stick-meta":"","header-main-stick-meta":"","header-below-stick-meta":"","astra-migrate-meta-layouts":"set","ast-page-background-enabled":"default","ast-page-background-meta":{"desktop":{"background-color":"var(--ast-global-color-5)","background-image":"","background-repeat":"repeat","background-position":"center center","background-size":"auto","background-attachment":"scroll","background-type":"","background-media":"","overlay-type":"","overlay-color":"","overlay-opacity":"","overlay-gradient":""},"tablet":{"background-color":"","background-image":"","background-repeat":"repeat","background-position":"center center","background-size":"auto","background-attachment":"scroll","background-type":"","background-media":"","overlay-type":"","overlay-color":"","overlay-opacity":"","overlay-gradient":""},"mobile":{"background-color":"","background-image":"","background-repeat":"repeat","background-position":"center center","background-size":"auto","background-attachment":"scroll","background-type":"","background-media":"","overlay-type":"","overlay-color":"","overlay-opacity":"","overlay-gradient":""}},"ast-content-background-meta":{"desktop":{"background-color":"var(--ast-global-color-4)","background-image":"","background-repeat":"repeat","background-position":"center center","background-size":"auto","background-attachment":"scroll","background-type":"","background-media":"","overlay-type":"","overlay-color":"","overlay-opacity":"","overlay-gradient":""},"tablet":{"background-color":"var(--ast-global-color-4)","background-image":"","background-repeat":"repeat","background-position":"center center","background-size":"auto","background-attachment":"scroll","background-type":"","background-media":"","overlay-type":"","overlay-color":"","overlay-opacity":"","overlay-gradient":""},"mobile":{"background-color":"var(--ast-global-color-4)","background-image":"","background-repeat":"repeat","background-position":"center center","background-size":"auto","background-attachment":"scroll","background-type":"","background-media":"","overlay-type":"","overlay-color":"","overlay-opacity":"","overlay-gradient":""}}},"product_brand":[],"product_cat":[48],"product_tag":[],"class_list":{"0":"post-2522","1":"product","2":"type-product","3":"status-publish","4":"has-post-thumbnail","6":"product_cat-tetme","7":"desktop-align-left","8":"tablet-align-left","9":"mobile-align-left","11":"first","12":"instock","13":"virtual","14":"purchasable","15":"product-type-simple"},"yoast_head":"<!-- This site is optimized with the Yoast SEO plugin v26.5 - https:\/\/yoast.com\/wordpress\/plugins\/seo\/ -->\n<title>- \u010ci\u0161\u010denje du\u0161e - vodena tetma<\/title>\n<meta name=\"robots\" content=\"index, follow, max-snippet:-1, max-image-preview:large, max-video-preview:-1\" \/>\n<link rel=\"canonical\" href=\"https:\/\/planetzavesti.com\/en\/product\/ciscenje-duse-tetma\/\" \/>\n<meta property=\"og:locale\" content=\"en_GB\" \/>\n<meta property=\"og:type\" content=\"article\" \/>\n<meta property=\"og:title\" content=\"- \u010ci\u0161\u010denje du\u0161e - vodena tetma\" \/>\n<meta property=\"og:description\" content=\"\ud83d\udd4a\ufe0f Izvedba storitve po pla\u010dilu Po zaklju\u010denem pla\u010dilu vas kontaktiram za dogovor o izvedbi storitve (termin ali na\u010din izvedbe).  Gre za individualno storitev, prilagojeno posamezniku.\" \/>\n<meta property=\"og:url\" content=\"https:\/\/planetzavesti.com\/en\/product\/ciscenje-duse-tetma\/\" \/>\n<meta property=\"article:publisher\" content=\"https:\/\/www.facebook.com\/jasnovidka.v\" \/>\n<meta property=\"article:modified_time\" content=\"2026-01-25T12:15:13+00:00\" \/>\n<meta property=\"og:image\" content=\"https:\/\/planetzavesti.com\/wp-content\/uploads\/2025\/08\/0CD41F30-2BB6-43AD-BEA0-731D241E467A.png\" \/>\n\t<meta property=\"og:image:width\" content=\"1024\" \/>\n\t<meta property=\"og:image:height\" content=\"1536\" \/>\n\t<meta property=\"og:image:type\" content=\"image\/png\" \/>\n<meta name=\"twitter:card\" content=\"summary_large_image\" \/>\n<meta name=\"twitter:label1\" content=\"Estimated reading time\" \/>\n\t<meta name=\"twitter:data1\" content=\"2 minutes\" \/>\n<script type=\"application\/ld+json\" class=\"yoast-schema-graph\">{\"@context\":\"https:\/\/schema.org\",\"@graph\":[{\"@type\":\"WebPage\",\"@id\":\"https:\/\/planetzavesti.com\/izdelek\/ciscenje-duse-tetma\/\",\"url\":\"https:\/\/planetzavesti.com\/izdelek\/ciscenje-duse-tetma\/\",\"name\":\"- \u010ci\u0161\u010denje du\u0161e - vodena tetma\",\"isPartOf\":{\"@id\":\"https:\/\/planetzavesti.com\/en\/#website\"},\"primaryImageOfPage\":{\"@id\":\"https:\/\/planetzavesti.com\/izdelek\/ciscenje-duse-tetma\/#primaryimage\"},\"image\":{\"@id\":\"https:\/\/planetzavesti.com\/izdelek\/ciscenje-duse-tetma\/#primaryimage\"},\"thumbnailUrl\":\"https:\/\/planetzavesti.com\/wp-content\/uploads\/2025\/08\/0CD41F30-2BB6-43AD-BEA0-731D241E467A.png\",\"datePublished\":\"2025-08-01T10:38:39+00:00\",\"dateModified\":\"2026-01-25T12:15:13+00:00\",\"breadcrumb\":{\"@id\":\"https:\/\/planetzavesti.com\/izdelek\/ciscenje-duse-tetma\/#breadcrumb\"},\"inLanguage\":\"en-GB\",\"potentialAction\":[{\"@type\":\"ReadAction\",\"target\":[\"https:\/\/planetzavesti.com\/izdelek\/ciscenje-duse-tetma\/\"]}]},{\"@type\":\"ImageObject\",\"inLanguage\":\"en-GB\",\"@id\":\"https:\/\/planetzavesti.com\/izdelek\/ciscenje-duse-tetma\/#primaryimage\",\"url\":\"https:\/\/planetzavesti.com\/wp-content\/uploads\/2025\/08\/0CD41F30-2BB6-43AD-BEA0-731D241E467A.png\",\"contentUrl\":\"https:\/\/planetzavesti.com\/wp-content\/uploads\/2025\/08\/0CD41F30-2BB6-43AD-BEA0-731D241E467A.png\",\"width\":1024,\"height\":1536},{\"@type\":\"BreadcrumbList\",\"@id\":\"https:\/\/planetzavesti.com\/izdelek\/ciscenje-duse-tetma\/#breadcrumb\",\"itemListElement\":[{\"@type\":\"ListItem\",\"position\":1,\"name\":\"Home\",\"item\":\"https:\/\/planetzavesti.com\/\"},{\"@type\":\"ListItem\",\"position\":2,\"name\":\"wc.-trgovina ne uporabljaj\",\"item\":\"https:\/\/planetzavesti.com\/en\/trgovina\/\"},{\"@type\":\"ListItem\",\"position\":3,\"name\":\"\u010ci\u0161\u010denje du\u0161e &#8211; vodena tetma\"}]},{\"@type\":\"WebSite\",\"@id\":\"https:\/\/planetzavesti.com\/en\/#website\",\"url\":\"https:\/\/planetzavesti.com\/en\/\",\"name\":\"Jasnovidka Victoria\",\"description\":\"\",\"publisher\":{\"@id\":\"https:\/\/planetzavesti.com\/en\/#organization\"},\"potentialAction\":[{\"@type\":\"SearchAction\",\"target\":{\"@type\":\"EntryPoint\",\"urlTemplate\":\"https:\/\/planetzavesti.com\/en\/?s={search_term_string}\"},\"query-input\":{\"@type\":\"PropertyValueSpecification\",\"valueRequired\":true,\"valueName\":\"search_term_string\"}}],\"inLanguage\":\"en-GB\"},{\"@type\":\"Organization\",\"@id\":\"https:\/\/planetzavesti.com\/en\/#organization\",\"name\":\"Jasnovidka Victoria\",\"url\":\"https:\/\/planetzavesti.com\/en\/\",\"logo\":{\"@type\":\"ImageObject\",\"inLanguage\":\"en-GB\",\"@id\":\"https:\/\/planetzavesti.com\/en\/#\/schema\/logo\/image\/\",\"url\":\"https:\/\/jasnovidkaviktorija.com\/wp-content\/uploads\/2019\/01\/logo-viktorija.png\",\"contentUrl\":\"https:\/\/jasnovidkaviktorija.com\/wp-content\/uploads\/2019\/01\/logo-viktorija.png\",\"width\":340,\"height\":106,\"caption\":\"Jasnovidka Victoria\"},\"image\":{\"@id\":\"https:\/\/planetzavesti.com\/en\/#\/schema\/logo\/image\/\"},\"sameAs\":[\"https:\/\/www.facebook.com\/jasnovidka.v\"]}]}<\/script>\n<!-- \/ Yoast SEO plugin. -->","yoast_head_json":{"title":"- \u010ci\u0161\u010denje du\u0161e - vodena tetma","robots":{"index":"index","follow":"follow","max-snippet":"max-snippet:-1","max-image-preview":"max-image-preview:large","max-video-preview":"max-video-preview:-1"},"canonical":"https:\/\/planetzavesti.com\/en\/product\/ciscenje-duse-tetma\/","og_locale":"en_GB","og_type":"article","og_title":"- \u010ci\u0161\u010denje du\u0161e - vodena tetma","og_description":"\ud83d\udd4a\ufe0f Izvedba storitve po pla\u010dilu Po zaklju\u010denem pla\u010dilu vas kontaktiram za dogovor o izvedbi storitve (termin ali na\u010din izvedbe).  Gre za individualno storitev, prilagojeno posamezniku.","og_url":"https:\/\/planetzavesti.com\/en\/product\/ciscenje-duse-tetma\/","article_publisher":"https:\/\/www.facebook.com\/jasnovidka.v","article_modified_time":"2026-01-25T12:15:13+00:00","og_image":[{"width":1024,"height":1536,"url":"https:\/\/planetzavesti.com\/wp-content\/uploads\/2025\/08\/0CD41F30-2BB6-43AD-BEA0-731D241E467A.png","type":"image\/png"}],"twitter_card":"summary_large_image","twitter_misc":{"Estimated reading time":"2 minutes"},"schema":{"@context":"https:\/\/schema.org","@graph":[{"@type":"WebPage","@id":"https:\/\/planetzavesti.com\/izdelek\/ciscenje-duse-tetma\/","url":"https:\/\/planetzavesti.com\/izdelek\/ciscenje-duse-tetma\/","name":"- \u010ci\u0161\u010denje du\u0161e - vodena tetma","isPartOf":{"@id":"https:\/\/planetzavesti.com\/en\/#website"},"primaryImageOfPage":{"@id":"https:\/\/planetzavesti.com\/izdelek\/ciscenje-duse-tetma\/#primaryimage"},"image":{"@id":"https:\/\/planetzavesti.com\/izdelek\/ciscenje-duse-tetma\/#primaryimage"},"thumbnailUrl":"https:\/\/planetzavesti.com\/wp-content\/uploads\/2025\/08\/0CD41F30-2BB6-43AD-BEA0-731D241E467A.png","datePublished":"2025-08-01T10:38:39+00:00","dateModified":"2026-01-25T12:15:13+00:00","breadcrumb":{"@id":"https:\/\/planetzavesti.com\/izdelek\/ciscenje-duse-tetma\/#breadcrumb"},"inLanguage":"en-GB","potentialAction":[{"@type":"ReadAction","target":["https:\/\/planetzavesti.com\/izdelek\/ciscenje-duse-tetma\/"]}]},{"@type":"ImageObject","inLanguage":"en-GB","@id":"https:\/\/planetzavesti.com\/izdelek\/ciscenje-duse-tetma\/#primaryimage","url":"https:\/\/planetzavesti.com\/wp-content\/uploads\/2025\/08\/0CD41F30-2BB6-43AD-BEA0-731D241E467A.png","contentUrl":"https:\/\/planetzavesti.com\/wp-content\/uploads\/2025\/08\/0CD41F30-2BB6-43AD-BEA0-731D241E467A.png","width":1024,"height":1536},{"@type":"BreadcrumbList","@id":"https:\/\/planetzavesti.com\/izdelek\/ciscenje-duse-tetma\/#breadcrumb","itemListElement":[{"@type":"ListItem","position":1,"name":"Home","item":"https:\/\/planetzavesti.com\/"},{"@type":"ListItem","position":2,"name":"wc.-trgovina ne uporabljaj","item":"https:\/\/planetzavesti.com\/en\/trgovina\/"},{"@type":"ListItem","position":3,"name":"\u010ci\u0161\u010denje du\u0161e &#8211; vodena tetma"}]},{"@type":"WebSite","@id":"https:\/\/planetzavesti.com\/en\/#website","url":"https:\/\/planetzavesti.com\/en\/","name":"Jasnovidka Victoria","description":"","publisher":{"@id":"https:\/\/planetzavesti.com\/en\/#organization"},"potentialAction":[{"@type":"SearchAction","target":{"@type":"EntryPoint","urlTemplate":"https:\/\/planetzavesti.com\/en\/?s={search_term_string}"},"query-input":{"@type":"PropertyValueSpecification","valueRequired":true,"valueName":"search_term_string"}}],"inLanguage":"en-GB"},{"@type":"Organization","@id":"https:\/\/planetzavesti.com\/en\/#organization","name":"Jasnovidka Victoria","url":"https:\/\/planetzavesti.com\/en\/","logo":{"@type":"ImageObject","inLanguage":"en-GB","@id":"https:\/\/planetzavesti.com\/en\/#\/schema\/logo\/image\/","url":"https:\/\/jasnovidkaviktorija.com\/wp-content\/uploads\/2019\/01\/logo-viktorija.png","contentUrl":"https:\/\/jasnovidkaviktorija.com\/wp-content\/uploads\/2019\/01\/logo-viktorija.png","width":340,"height":106,"caption":"Jasnovidka Victoria"},"image":{"@id":"https:\/\/planetzavesti.com\/en\/#\/schema\/logo\/image\/"},"sameAs":["https:\/\/www.facebook.com\/jasnovidka.v"]}]}},"jetpack_sharing_enabled":true,"_links":{"self":[{"href":"https:\/\/planetzavesti.com\/en\/wp-json\/wp\/v2\/product\/2522","targetHints":{"allow":["GET"]}}],"collection":[{"href":"https:\/\/planetzavesti.com\/en\/wp-json\/wp\/v2\/product"}],"about":[{"href":"https:\/\/planetzavesti.com\/en\/wp-json\/wp\/v2\/types\/product"}],"replies":[{"embeddable":true,"href":"https:\/\/planetzavesti.com\/en\/wp-json\/wp\/v2\/comments?post=2522"}],"wp:featuredmedia":[{"embeddable":true,"href":"https:\/\/planetzavesti.com\/en\/wp-json\/wp\/v2\/media\/3563"}],"wp:attachment":[{"href":"https:\/\/planetzavesti.com\/en\/wp-json\/wp\/v2\/media?parent=2522"}],"wp:term":[{"taxonomy":"product_brand","embeddable":true,"href":"https:\/\/planetzavesti.com\/en\/wp-json\/wp\/v2\/product_brand?post=2522"},{"taxonomy":"product_cat","embeddable":true,"href":"https:\/\/planetzavesti.com\/en\/wp-json\/wp\/v2\/product_cat?post=2522"},{"taxonomy":"product_tag","embeddable":true,"href":"https:\/\/planetzavesti.com\/en\/wp-json\/wp\/v2\/product_tag?post=2522"}],"curies":[{"name":"wp","href":"https:\/\/api.w.org\/{rel}","templated":true}]}}