{"id":735,"date":"2019-01-06T23:03:43","date_gmt":"2019-01-06T22:03:43","guid":{"rendered":"http:\/\/jasnovidkaviktorija.com\/?page_id=735"},"modified":"2026-02-17T18:14:05","modified_gmt":"2026-02-17T17:14:05","slug":"kontakt","status":"publish","type":"page","link":"https:\/\/planetzavesti.com\/en\/kontakt\/","title":{"rendered":"Kontakt"},"content":{"rendered":"<h1 data-start=\"143\" data-end=\"161\">PODATKI PODJETJA<\/h1>\n<p><strong>PLANET ZAVESTI, Victoria Negro Gnidovec s.p.<\/strong><br data-start=\"430\" data-end=\"433\" \/>Sede\u017e: Pregara 14, 6272 Gra\u010di\u0161\u010de<br data-start=\"470\" data-end=\"473\" \/>Mati\u010dna \u0161tevilka: 8661049000<br data-start=\"500\" data-end=\"503\" \/>Dav\u010dna \u0161tevilka: 11516097<\/p>\n<p>(DDV zavezanec: NE)<br data-start=\"532\" data-end=\"535\" \/>E-po\u0161ta: jasnovidka.viktorija@gmail.com<br data-start=\"551\" data-end=\"554\" \/>Telefon: +386 41 707 713<\/p>\n<p data-start=\"428\" data-end=\"502\">Transakcijski ra\u010dun (TRR): [SI56 0400 1004 7274 491]<br data-start=\"481\" data-end=\"484\" \/>Banka: \u00a0OTP banka d.d.<\/p>","protected":false},"excerpt":{"rendered":"<p>PODATKI PODJETJA PLANET ZAVESTI, Victoria Negro Gnidovec s.p.Sede\u017e: Pregara 14, 6272 Gra\u010di\u0161\u010deMati\u010dna \u0161tevilka: 8661049000Dav\u010dna \u0161tevilka: 11516097 (DDV zavezanec: NE)E-po\u0161ta: jasnovidka.viktorija@gmail.comTelefon: [&hellip;]<\/p>","protected":false},"author":1,"featured_media":0,"parent":0,"menu_order":0,"comment_status":"closed","ping_status":"closed","template":"","meta":{"site-sidebar-layout":"default","site-content-layout":"","ast-site-content-layout":"default","site-content-style":"default","site-sidebar-style":"default","ast-global-header-display":"","ast-banner-title-visibility":"","ast-main-header-display":"","ast-hfb-above-header-display":"","ast-hfb-below-header-display":"","ast-hfb-mobile-header-display":"","site-post-title":"","ast-breadcrumbs-content":"","ast-featured-img":"","footer-sml-layout":"","ast-disable-related-posts":"","theme-transparent-header-meta":"default","adv-header-id-meta":"","stick-header-meta":"","header-above-stick-meta":"","header-main-stick-meta":"","header-below-stick-meta":"","astra-migrate-meta-layouts":"set","ast-page-background-enabled":"default","ast-page-background-meta":{"desktop":{"background-color":"var(--ast-global-color-5)","background-image":"","background-repeat":"repeat","background-position":"center center","background-size":"auto","background-attachment":"scroll","background-type":"","background-media":"","overlay-type":"","overlay-color":"","overlay-opacity":"","overlay-gradient":""},"tablet":{"background-color":"","background-image":"","background-repeat":"repeat","background-position":"center center","background-size":"auto","background-attachment":"scroll","background-type":"","background-media":"","overlay-type":"","overlay-color":"","overlay-opacity":"","overlay-gradient":""},"mobile":{"background-color":"","background-image":"","background-repeat":"repeat","background-position":"center center","background-size":"auto","background-attachment":"scroll","background-type":"","background-media":"","overlay-type":"","overlay-color":"","overlay-opacity":"","overlay-gradient":""}},"ast-content-background-meta":{"desktop":{"background-color":"var(--ast-global-color-4)","background-image":"","background-repeat":"repeat","background-position":"center center","background-size":"auto","background-attachment":"scroll","background-type":"","background-media":"","overlay-type":"","overlay-color":"","overlay-opacity":"","overlay-gradient":""},"tablet":{"background-color":"var(--ast-global-color-4)","background-image":"","background-repeat":"repeat","background-position":"center center","background-size":"auto","background-attachment":"scroll","background-type":"","background-media":"","overlay-type":"","overlay-color":"","overlay-opacity":"","overlay-gradient":""},"mobile":{"background-color":"var(--ast-global-color-4)","background-image":"","background-repeat":"repeat","background-position":"center center","background-size":"auto","background-attachment":"scroll","background-type":"","background-media":"","overlay-type":"","overlay-color":"","overlay-opacity":"","overlay-gradient":""}},"footnotes":""},"class_list":["post-735","page","type-page","status-publish","hentry"],"yoast_head":"<!-- This site is optimized with the Yoast SEO plugin v26.5 - https:\/\/yoast.com\/wordpress\/plugins\/seo\/ -->\n<title>- Kontakt<\/title>\n<meta name=\"robots\" content=\"index, follow, max-snippet:-1, max-image-preview:large, max-video-preview:-1\" \/>\n<link rel=\"canonical\" href=\"https:\/\/planetzavesti.com\/en\/kontakt\/\" \/>\n<meta property=\"og:locale\" content=\"en_GB\" \/>\n<meta property=\"og:type\" content=\"article\" \/>\n<meta property=\"og:title\" content=\"- Kontakt\" \/>\n<meta property=\"og:description\" content=\"PODATKI PODJETJA PLANET ZAVESTI, Victoria Negro Gnidovec s.p.Sede\u017e: Pregara 14, 6272 Gra\u010di\u0161\u010deMati\u010dna \u0161tevilka: 8661049000Dav\u010dna \u0161tevilka: 11516097 (DDV zavezanec: NE)E-po\u0161ta: jasnovidka.viktorija@gmail.comTelefon: [&hellip;]\" \/>\n<meta property=\"og:url\" content=\"https:\/\/planetzavesti.com\/en\/kontakt\/\" \/>\n<meta property=\"article:publisher\" content=\"https:\/\/www.facebook.com\/jasnovidka.v\" \/>\n<meta property=\"article:modified_time\" content=\"2026-02-17T17:14:05+00:00\" \/>\n<meta name=\"twitter:card\" content=\"summary_large_image\" \/>\n<meta name=\"twitter:label1\" content=\"Estimated reading time\" \/>\n\t<meta name=\"twitter:data1\" content=\"1 minute\" \/>\n<script type=\"application\/ld+json\" class=\"yoast-schema-graph\">{\"@context\":\"https:\/\/schema.org\",\"@graph\":[{\"@type\":\"WebPage\",\"@id\":\"https:\/\/planetzavesti.com\/kontakt\/\",\"url\":\"https:\/\/planetzavesti.com\/kontakt\/\",\"name\":\"- Kontakt\",\"isPartOf\":{\"@id\":\"https:\/\/planetzavesti.com\/en\/#website\"},\"datePublished\":\"2019-01-06T22:03:43+00:00\",\"dateModified\":\"2026-02-17T17:14:05+00:00\",\"breadcrumb\":{\"@id\":\"https:\/\/planetzavesti.com\/kontakt\/#breadcrumb\"},\"inLanguage\":\"en-GB\",\"potentialAction\":[{\"@type\":\"ReadAction\",\"target\":[\"https:\/\/planetzavesti.com\/kontakt\/\"]}]},{\"@type\":\"BreadcrumbList\",\"@id\":\"https:\/\/planetzavesti.com\/kontakt\/#breadcrumb\",\"itemListElement\":[{\"@type\":\"ListItem\",\"position\":1,\"name\":\"Home\",\"item\":\"https:\/\/planetzavesti.com\/\"},{\"@type\":\"ListItem\",\"position\":2,\"name\":\"Kontakt\"}]},{\"@type\":\"WebSite\",\"@id\":\"https:\/\/planetzavesti.com\/en\/#website\",\"url\":\"https:\/\/planetzavesti.com\/en\/\",\"name\":\"Jasnovidka Victoria\",\"description\":\"\",\"publisher\":{\"@id\":\"https:\/\/planetzavesti.com\/en\/#organization\"},\"potentialAction\":[{\"@type\":\"SearchAction\",\"target\":{\"@type\":\"EntryPoint\",\"urlTemplate\":\"https:\/\/planetzavesti.com\/en\/?s={search_term_string}\"},\"query-input\":{\"@type\":\"PropertyValueSpecification\",\"valueRequired\":true,\"valueName\":\"search_term_string\"}}],\"inLanguage\":\"en-GB\"},{\"@type\":\"Organization\",\"@id\":\"https:\/\/planetzavesti.com\/en\/#organization\",\"name\":\"Jasnovidka Victoria\",\"url\":\"https:\/\/planetzavesti.com\/en\/\",\"logo\":{\"@type\":\"ImageObject\",\"inLanguage\":\"en-GB\",\"@id\":\"https:\/\/planetzavesti.com\/en\/#\/schema\/logo\/image\/\",\"url\":\"https:\/\/jasnovidkaviktorija.com\/wp-content\/uploads\/2019\/01\/logo-viktorija.png\",\"contentUrl\":\"https:\/\/jasnovidkaviktorija.com\/wp-content\/uploads\/2019\/01\/logo-viktorija.png\",\"width\":340,\"height\":106,\"caption\":\"Jasnovidka Victoria\"},\"image\":{\"@id\":\"https:\/\/planetzavesti.com\/en\/#\/schema\/logo\/image\/\"},\"sameAs\":[\"https:\/\/www.facebook.com\/jasnovidka.v\"]}]}<\/script>\n<!-- \/ Yoast SEO plugin. -->","yoast_head_json":{"title":"- Kontakt","robots":{"index":"index","follow":"follow","max-snippet":"max-snippet:-1","max-image-preview":"max-image-preview:large","max-video-preview":"max-video-preview:-1"},"canonical":"https:\/\/planetzavesti.com\/en\/kontakt\/","og_locale":"en_GB","og_type":"article","og_title":"- Kontakt","og_description":"PODATKI PODJETJA PLANET ZAVESTI, Victoria Negro Gnidovec s.p.Sede\u017e: Pregara 14, 6272 Gra\u010di\u0161\u010deMati\u010dna \u0161tevilka: 8661049000Dav\u010dna \u0161tevilka: 11516097 (DDV zavezanec: NE)E-po\u0161ta: jasnovidka.viktorija@gmail.comTelefon: [&hellip;]","og_url":"https:\/\/planetzavesti.com\/en\/kontakt\/","article_publisher":"https:\/\/www.facebook.com\/jasnovidka.v","article_modified_time":"2026-02-17T17:14:05+00:00","twitter_card":"summary_large_image","twitter_misc":{"Estimated reading time":"1 minute"},"schema":{"@context":"https:\/\/schema.org","@graph":[{"@type":"WebPage","@id":"https:\/\/planetzavesti.com\/kontakt\/","url":"https:\/\/planetzavesti.com\/kontakt\/","name":"- Kontakt","isPartOf":{"@id":"https:\/\/planetzavesti.com\/en\/#website"},"datePublished":"2019-01-06T22:03:43+00:00","dateModified":"2026-02-17T17:14:05+00:00","breadcrumb":{"@id":"https:\/\/planetzavesti.com\/kontakt\/#breadcrumb"},"inLanguage":"en-GB","potentialAction":[{"@type":"ReadAction","target":["https:\/\/planetzavesti.com\/kontakt\/"]}]},{"@type":"BreadcrumbList","@id":"https:\/\/planetzavesti.com\/kontakt\/#breadcrumb","itemListElement":[{"@type":"ListItem","position":1,"name":"Home","item":"https:\/\/planetzavesti.com\/"},{"@type":"ListItem","position":2,"name":"Kontakt"}]},{"@type":"WebSite","@id":"https:\/\/planetzavesti.com\/en\/#website","url":"https:\/\/planetzavesti.com\/en\/","name":"Jasnovidka Victoria","description":"","publisher":{"@id":"https:\/\/planetzavesti.com\/en\/#organization"},"potentialAction":[{"@type":"SearchAction","target":{"@type":"EntryPoint","urlTemplate":"https:\/\/planetzavesti.com\/en\/?s={search_term_string}"},"query-input":{"@type":"PropertyValueSpecification","valueRequired":true,"valueName":"search_term_string"}}],"inLanguage":"en-GB"},{"@type":"Organization","@id":"https:\/\/planetzavesti.com\/en\/#organization","name":"Jasnovidka Victoria","url":"https:\/\/planetzavesti.com\/en\/","logo":{"@type":"ImageObject","inLanguage":"en-GB","@id":"https:\/\/planetzavesti.com\/en\/#\/schema\/logo\/image\/","url":"https:\/\/jasnovidkaviktorija.com\/wp-content\/uploads\/2019\/01\/logo-viktorija.png","contentUrl":"https:\/\/jasnovidkaviktorija.com\/wp-content\/uploads\/2019\/01\/logo-viktorija.png","width":340,"height":106,"caption":"Jasnovidka Victoria"},"image":{"@id":"https:\/\/planetzavesti.com\/en\/#\/schema\/logo\/image\/"},"sameAs":["https:\/\/www.facebook.com\/jasnovidka.v"]}]}},"jetpack_sharing_enabled":true,"_links":{"self":[{"href":"https:\/\/planetzavesti.com\/en\/wp-json\/wp\/v2\/pages\/735","targetHints":{"allow":["GET"]}}],"collection":[{"href":"https:\/\/planetzavesti.com\/en\/wp-json\/wp\/v2\/pages"}],"about":[{"href":"https:\/\/planetzavesti.com\/en\/wp-json\/wp\/v2\/types\/page"}],"author":[{"embeddable":true,"href":"https:\/\/planetzavesti.com\/en\/wp-json\/wp\/v2\/users\/1"}],"replies":[{"embeddable":true,"href":"https:\/\/planetzavesti.com\/en\/wp-json\/wp\/v2\/comments?post=735"}],"version-history":[{"count":8,"href":"https:\/\/planetzavesti.com\/en\/wp-json\/wp\/v2\/pages\/735\/revisions"}],"predecessor-version":[{"id":3799,"href":"https:\/\/planetzavesti.com\/en\/wp-json\/wp\/v2\/pages\/735\/revisions\/3799"}],"wp:attachment":[{"href":"https:\/\/planetzavesti.com\/en\/wp-json\/wp\/v2\/media?parent=735"}],"curies":[{"name":"wp","href":"https:\/\/api.w.org\/{rel}","templated":true}]}}