{"id":3781,"date":"2026-02-17T17:53:52","date_gmt":"2026-02-17T16:53:52","guid":{"rendered":"https:\/\/jasnovidkaviktorija.com\/?page_id=3781"},"modified":"2026-02-17T17:53:52","modified_gmt":"2026-02-17T16:53:52","slug":"politika-piskotkov","status":"publish","type":"page","link":"https:\/\/planetzavesti.com\/en\/politika-piskotkov\/","title":{"rendered":"Politika pi\u0161kotkov"},"content":{"rendered":"<h1 data-start=\"253\" data-end=\"273\">POLITIKA PI\u0160KOTKOV<\/h1>\n<h2 data-start=\"275\" data-end=\"307\">1. Upravljavec spletne strani<\/h2>\n<p data-start=\"309\" data-end=\"351\">Upravljavec spletne strani www.jasnovidkaviktorija.com je:<\/p>\n<p data-start=\"353\" data-end=\"459\"><strong>PLANET ZAVESTI, Victoria Negro Gnidovec s.p.<\/strong><br data-start=\"430\" data-end=\"433\" \/>Sede\u017e: Pregara 14, 6272 Gra\u010di\u0161\u010de<br data-start=\"470\" data-end=\"473\" \/>Mati\u010dna \u0161tevilka: 8661049000<br data-start=\"500\" data-end=\"503\" \/>Dav\u010dna \u0161tevilka: 11516097<br data-start=\"532\" data-end=\"535\" \/>E-po\u0161ta: jasnovidka.viktorija@gmail.com<br data-start=\"551\" data-end=\"554\" \/>Telefon: +386 41 707 713<\/p>\n<hr data-start=\"461\" data-end=\"464\" \/>\n<h2 data-start=\"466\" data-end=\"487\">2. Kaj so pi\u0161kotki<\/h2>\n<p data-start=\"489\" data-end=\"690\">Pi\u0161kotki so majhne tekstovne datoteke, ki se ob obisku spletne strani shranijo na uporabnikovo napravo. Omogo\u010dajo pravilno delovanje spletne strani, izbolj\u0161anje uporabni\u0161ke izku\u0161nje ter analizo obiska.<\/p>\n<hr data-start=\"692\" data-end=\"695\" \/>\n<h2 data-start=\"697\" data-end=\"738\">3. Vrste pi\u0161kotkov, ki jih uporabljamo<\/h2>\n<h3 data-start=\"740\" data-end=\"758\">Nujni pi\u0161kotki<\/h3>\n<p data-start=\"760\" data-end=\"847\">Ti pi\u0161kotki so potrebni za osnovno delovanje spletne strani in jih ni mogo\u010de izklopiti.<\/p>\n<p data-start=\"849\" data-end=\"867\">Uporabljajo se za:<\/p>\n<ul data-start=\"868\" data-end=\"970\">\n<li data-start=\"868\" data-end=\"888\">\n<p data-start=\"870\" data-end=\"888\">delovanje ko\u0161arice<\/p>\n<\/li>\n<li data-start=\"889\" data-end=\"909\">\n<p data-start=\"891\" data-end=\"909\">prijavo uporabnika<\/p>\n<\/li>\n<li data-start=\"910\" data-end=\"934\">\n<p data-start=\"912\" data-end=\"934\">varnost spletne strani<\/p>\n<\/li>\n<li data-start=\"935\" data-end=\"970\">\n<p data-start=\"937\" data-end=\"970\">shranjevanje nastavitev pi\u0161kotkov<\/p>\n<\/li>\n<\/ul>\n<hr data-start=\"972\" data-end=\"975\" \/>\n<h3 data-start=\"977\" data-end=\"1000\">Analiti\u010dni pi\u0161kotki<\/h3>\n<p data-start=\"1002\" data-end=\"1079\">Uporabljajo se za spremljanje obiska in izbolj\u0161anje delovanja spletne strani.<\/p>\n<p data-start=\"1081\" data-end=\"1099\">Uporabljamo lahko:<\/p>\n<ul data-start=\"1100\" data-end=\"1131\">\n<li data-start=\"1100\" data-end=\"1131\">\n<p data-start=\"1102\" data-end=\"1131\">Google Analytics (Google LLC)<\/p>\n<\/li>\n<\/ul>\n<p data-start=\"1133\" data-end=\"1188\">Ti pi\u0161kotki se nalo\u017eijo le, \u010de uporabnik poda soglasje.<\/p>\n<hr data-start=\"1190\" data-end=\"1193\" \/>\n<h3 data-start=\"1195\" data-end=\"1219\">Marketin\u0161ki pi\u0161kotki<\/h3>\n<p data-start=\"1221\" data-end=\"1302\">Uporabljajo se za prikaz prilagojenih oglasov in merjenje uspe\u0161nosti ogla\u0161evanja.<\/p>\n<p data-start=\"1304\" data-end=\"1322\">Uporabljamo lahko:<\/p>\n<ul data-start=\"1323\" data-end=\"1359\">\n<li data-start=\"1323\" data-end=\"1346\">\n<p data-start=\"1325\" data-end=\"1346\">Meta (Facebook) Pixel<\/p>\n<\/li>\n<li data-start=\"1347\" data-end=\"1359\">\n<p data-start=\"1349\" data-end=\"1359\">Google Ads<\/p>\n<\/li>\n<\/ul>\n<p data-start=\"1361\" data-end=\"1411\">Ti pi\u0161kotki se nalo\u017eijo le ob soglasju uporabnika.<\/p>\n<hr data-start=\"1413\" data-end=\"1416\" \/>\n<h2 data-start=\"1418\" data-end=\"1445\">4. Pi\u0161kotki tretjih oseb<\/h2>\n<p data-start=\"1447\" data-end=\"1535\">Nekatere funkcionalnosti spletne strani lahko uporabljajo storitve tretjih oseb, kot so:<\/p>\n<ul data-start=\"1537\" data-end=\"1631\">\n<li data-start=\"1537\" data-end=\"1589\">\n<p data-start=\"1539\" data-end=\"1589\">ponudniki pla\u010dilnih storitev (npr. Stripe, PayPal)<\/p>\n<\/li>\n<li data-start=\"1590\" data-end=\"1611\">\n<p data-start=\"1592\" data-end=\"1611\">ponudnik gostovanja<\/p>\n<\/li>\n<li data-start=\"1612\" data-end=\"1631\">\n<p data-start=\"1614\" data-end=\"1631\">analiti\u010dna orodja<\/p>\n<\/li>\n<\/ul>\n<p data-start=\"1633\" data-end=\"1711\">Ti ponudniki lahko nastavijo lastne pi\u0161kotke skladno s svojimi pogoji uporabe.<\/p>\n<hr data-start=\"1713\" data-end=\"1716\" \/>\n<h2 data-start=\"1718\" data-end=\"1745\">5. Upravljanje pi\u0161kotkov<\/h2>\n<p data-start=\"1747\" data-end=\"1835\">Ob prvem obisku spletne strani lahko uporabnik izbere, katere vrste pi\u0161kotkov dovoljuje.<\/p>\n<p data-start=\"1837\" data-end=\"1929\">Soglasje lahko kadarkoli spremeni ali prekli\u010de preko nastavitev pi\u0161kotkov na spletni strani.<\/p>\n<p data-start=\"1931\" data-end=\"2006\">Uporabnik lahko pi\u0161kotke upravlja tudi preko nastavitev svojega brskalnika.<\/p>\n<hr data-start=\"2008\" data-end=\"2011\" \/>\n<h2 data-start=\"2013\" data-end=\"2033\">6. Obdobje hrambe<\/h2>\n<p data-start=\"2035\" data-end=\"2053\">Pi\u0161kotki so lahko:<\/p>\n<ul data-start=\"2055\" data-end=\"2146\">\n<li data-start=\"2055\" data-end=\"2099\">\n<p data-start=\"2057\" data-end=\"2099\">sejni (izbri\u0161ejo se ob zaprtju brskalnika)<\/p>\n<\/li>\n<li data-start=\"2100\" data-end=\"2146\">\n<p data-start=\"2102\" data-end=\"2146\">trajni (ostanejo shranjeni dolo\u010deno obdobje)<\/p>\n<\/li>\n<\/ul>\n<p data-start=\"2148\" data-end=\"2209\">Trajanje posameznih pi\u0161kotkov je odvisno od njihovega namena.<\/p>\n<hr data-start=\"2211\" data-end=\"2214\" \/>\n<h2 data-start=\"2216\" data-end=\"2250\">7. Spremembe politike pi\u0161kotkov<\/h2>\n<p data-start=\"2252\" data-end=\"2374\">Upravljavec si pridr\u017euje pravico do spremembe te politike pi\u0161kotkov. Spremembe za\u010dnejo veljati z objavo na spletni strani.<\/p>","protected":false},"excerpt":{"rendered":"<p>POLITIKA PI\u0160KOTKOV 1. Upravljavec spletne strani Upravljavec spletne strani www.jasnovidkaviktorija.com je: PLANET ZAVESTI, Victoria Negro Gnidovec s.p.Sede\u017e: Pregara 14, 6272 [&hellip;]<\/p>","protected":false},"author":1,"featured_media":0,"parent":0,"menu_order":0,"comment_status":"closed","ping_status":"closed","template":"","meta":{"site-sidebar-layout":"default","site-content-layout":"","ast-site-content-layout":"default","site-content-style":"default","site-sidebar-style":"default","ast-global-header-display":"","ast-banner-title-visibility":"","ast-main-header-display":"","ast-hfb-above-header-display":"","ast-hfb-below-header-display":"","ast-hfb-mobile-header-display":"","site-post-title":"","ast-breadcrumbs-content":"","ast-featured-img":"","footer-sml-layout":"","ast-disable-related-posts":"","theme-transparent-header-meta":"default","adv-header-id-meta":"","stick-header-meta":"","header-above-stick-meta":"","header-main-stick-meta":"","header-below-stick-meta":"","astra-migrate-meta-layouts":"set","ast-page-background-enabled":"default","ast-page-background-meta":{"desktop":{"background-color":"var(--ast-global-color-5)","background-image":"","background-repeat":"repeat","background-position":"center center","background-size":"auto","background-attachment":"scroll","background-type":"","background-media":"","overlay-type":"","overlay-color":"","overlay-opacity":"","overlay-gradient":""},"tablet":{"background-color":"","background-image":"","background-repeat":"repeat","background-position":"center center","background-size":"auto","background-attachment":"scroll","background-type":"","background-media":"","overlay-type":"","overlay-color":"","overlay-opacity":"","overlay-gradient":""},"mobile":{"background-color":"","background-image":"","background-repeat":"repeat","background-position":"center center","background-size":"auto","background-attachment":"scroll","background-type":"","background-media":"","overlay-type":"","overlay-color":"","overlay-opacity":"","overlay-gradient":""}},"ast-content-background-meta":{"desktop":{"background-color":"var(--ast-global-color-4)","background-image":"","background-repeat":"repeat","background-position":"center center","background-size":"auto","background-attachment":"scroll","background-type":"","background-media":"","overlay-type":"","overlay-color":"","overlay-opacity":"","overlay-gradient":""},"tablet":{"background-color":"var(--ast-global-color-4)","background-image":"","background-repeat":"repeat","background-position":"center center","background-size":"auto","background-attachment":"scroll","background-type":"","background-media":"","overlay-type":"","overlay-color":"","overlay-opacity":"","overlay-gradient":""},"mobile":{"background-color":"var(--ast-global-color-4)","background-image":"","background-repeat":"repeat","background-position":"center center","background-size":"auto","background-attachment":"scroll","background-type":"","background-media":"","overlay-type":"","overlay-color":"","overlay-opacity":"","overlay-gradient":""}},"footnotes":""},"class_list":["post-3781","page","type-page","status-publish","hentry"],"yoast_head":"<!-- This site is optimized with the Yoast SEO plugin v26.5 - https:\/\/yoast.com\/wordpress\/plugins\/seo\/ -->\n<title>- Politika pi\u0161kotkov<\/title>\n<meta name=\"robots\" content=\"index, follow, max-snippet:-1, max-image-preview:large, max-video-preview:-1\" \/>\n<link rel=\"canonical\" href=\"https:\/\/planetzavesti.com\/en\/politika-piskotkov\/\" \/>\n<meta property=\"og:locale\" content=\"en_GB\" \/>\n<meta property=\"og:type\" content=\"article\" \/>\n<meta property=\"og:title\" content=\"- Politika pi\u0161kotkov\" \/>\n<meta property=\"og:description\" content=\"POLITIKA PI\u0160KOTKOV 1. Upravljavec spletne strani Upravljavec spletne strani www.jasnovidkaviktorija.com je: PLANET ZAVESTI, Victoria Negro Gnidovec s.p.Sede\u017e: Pregara 14, 6272 [&hellip;]\" \/>\n<meta property=\"og:url\" content=\"https:\/\/planetzavesti.com\/en\/politika-piskotkov\/\" \/>\n<meta property=\"article:publisher\" content=\"https:\/\/www.facebook.com\/jasnovidka.v\" \/>\n<meta name=\"twitter:card\" content=\"summary_large_image\" \/>\n<meta name=\"twitter:label1\" content=\"Estimated reading time\" \/>\n\t<meta name=\"twitter:data1\" content=\"2 minutes\" \/>\n<script type=\"application\/ld+json\" class=\"yoast-schema-graph\">{\"@context\":\"https:\/\/schema.org\",\"@graph\":[{\"@type\":\"WebPage\",\"@id\":\"https:\/\/planetzavesti.com\/politika-piskotkov\/\",\"url\":\"https:\/\/planetzavesti.com\/politika-piskotkov\/\",\"name\":\"- Politika pi\u0161kotkov\",\"isPartOf\":{\"@id\":\"https:\/\/planetzavesti.com\/en\/#website\"},\"datePublished\":\"2026-02-17T16:53:52+00:00\",\"breadcrumb\":{\"@id\":\"https:\/\/planetzavesti.com\/politika-piskotkov\/#breadcrumb\"},\"inLanguage\":\"en-GB\",\"potentialAction\":[{\"@type\":\"ReadAction\",\"target\":[\"https:\/\/planetzavesti.com\/politika-piskotkov\/\"]}]},{\"@type\":\"BreadcrumbList\",\"@id\":\"https:\/\/planetzavesti.com\/politika-piskotkov\/#breadcrumb\",\"itemListElement\":[{\"@type\":\"ListItem\",\"position\":1,\"name\":\"Home\",\"item\":\"https:\/\/planetzavesti.com\/\"},{\"@type\":\"ListItem\",\"position\":2,\"name\":\"Politika pi\u0161kotkov\"}]},{\"@type\":\"WebSite\",\"@id\":\"https:\/\/planetzavesti.com\/en\/#website\",\"url\":\"https:\/\/planetzavesti.com\/en\/\",\"name\":\"Jasnovidka Victoria\",\"description\":\"\",\"publisher\":{\"@id\":\"https:\/\/planetzavesti.com\/en\/#organization\"},\"potentialAction\":[{\"@type\":\"SearchAction\",\"target\":{\"@type\":\"EntryPoint\",\"urlTemplate\":\"https:\/\/planetzavesti.com\/en\/?s={search_term_string}\"},\"query-input\":{\"@type\":\"PropertyValueSpecification\",\"valueRequired\":true,\"valueName\":\"search_term_string\"}}],\"inLanguage\":\"en-GB\"},{\"@type\":\"Organization\",\"@id\":\"https:\/\/planetzavesti.com\/en\/#organization\",\"name\":\"Jasnovidka Victoria\",\"url\":\"https:\/\/planetzavesti.com\/en\/\",\"logo\":{\"@type\":\"ImageObject\",\"inLanguage\":\"en-GB\",\"@id\":\"https:\/\/planetzavesti.com\/en\/#\/schema\/logo\/image\/\",\"url\":\"https:\/\/jasnovidkaviktorija.com\/wp-content\/uploads\/2019\/01\/logo-viktorija.png\",\"contentUrl\":\"https:\/\/jasnovidkaviktorija.com\/wp-content\/uploads\/2019\/01\/logo-viktorija.png\",\"width\":340,\"height\":106,\"caption\":\"Jasnovidka Victoria\"},\"image\":{\"@id\":\"https:\/\/planetzavesti.com\/en\/#\/schema\/logo\/image\/\"},\"sameAs\":[\"https:\/\/www.facebook.com\/jasnovidka.v\"]}]}<\/script>\n<!-- \/ Yoast SEO plugin. -->","yoast_head_json":{"title":"- Politika pi\u0161kotkov","robots":{"index":"index","follow":"follow","max-snippet":"max-snippet:-1","max-image-preview":"max-image-preview:large","max-video-preview":"max-video-preview:-1"},"canonical":"https:\/\/planetzavesti.com\/en\/politika-piskotkov\/","og_locale":"en_GB","og_type":"article","og_title":"- Politika pi\u0161kotkov","og_description":"POLITIKA PI\u0160KOTKOV 1. Upravljavec spletne strani Upravljavec spletne strani www.jasnovidkaviktorija.com je: PLANET ZAVESTI, Victoria Negro Gnidovec s.p.Sede\u017e: Pregara 14, 6272 [&hellip;]","og_url":"https:\/\/planetzavesti.com\/en\/politika-piskotkov\/","article_publisher":"https:\/\/www.facebook.com\/jasnovidka.v","twitter_card":"summary_large_image","twitter_misc":{"Estimated reading time":"2 minutes"},"schema":{"@context":"https:\/\/schema.org","@graph":[{"@type":"WebPage","@id":"https:\/\/planetzavesti.com\/politika-piskotkov\/","url":"https:\/\/planetzavesti.com\/politika-piskotkov\/","name":"- Politika pi\u0161kotkov","isPartOf":{"@id":"https:\/\/planetzavesti.com\/en\/#website"},"datePublished":"2026-02-17T16:53:52+00:00","breadcrumb":{"@id":"https:\/\/planetzavesti.com\/politika-piskotkov\/#breadcrumb"},"inLanguage":"en-GB","potentialAction":[{"@type":"ReadAction","target":["https:\/\/planetzavesti.com\/politika-piskotkov\/"]}]},{"@type":"BreadcrumbList","@id":"https:\/\/planetzavesti.com\/politika-piskotkov\/#breadcrumb","itemListElement":[{"@type":"ListItem","position":1,"name":"Home","item":"https:\/\/planetzavesti.com\/"},{"@type":"ListItem","position":2,"name":"Politika pi\u0161kotkov"}]},{"@type":"WebSite","@id":"https:\/\/planetzavesti.com\/en\/#website","url":"https:\/\/planetzavesti.com\/en\/","name":"Jasnovidka Victoria","description":"","publisher":{"@id":"https:\/\/planetzavesti.com\/en\/#organization"},"potentialAction":[{"@type":"SearchAction","target":{"@type":"EntryPoint","urlTemplate":"https:\/\/planetzavesti.com\/en\/?s={search_term_string}"},"query-input":{"@type":"PropertyValueSpecification","valueRequired":true,"valueName":"search_term_string"}}],"inLanguage":"en-GB"},{"@type":"Organization","@id":"https:\/\/planetzavesti.com\/en\/#organization","name":"Jasnovidka Victoria","url":"https:\/\/planetzavesti.com\/en\/","logo":{"@type":"ImageObject","inLanguage":"en-GB","@id":"https:\/\/planetzavesti.com\/en\/#\/schema\/logo\/image\/","url":"https:\/\/jasnovidkaviktorija.com\/wp-content\/uploads\/2019\/01\/logo-viktorija.png","contentUrl":"https:\/\/jasnovidkaviktorija.com\/wp-content\/uploads\/2019\/01\/logo-viktorija.png","width":340,"height":106,"caption":"Jasnovidka Victoria"},"image":{"@id":"https:\/\/planetzavesti.com\/en\/#\/schema\/logo\/image\/"},"sameAs":["https:\/\/www.facebook.com\/jasnovidka.v"]}]}},"jetpack_sharing_enabled":true,"_links":{"self":[{"href":"https:\/\/planetzavesti.com\/en\/wp-json\/wp\/v2\/pages\/3781","targetHints":{"allow":["GET"]}}],"collection":[{"href":"https:\/\/planetzavesti.com\/en\/wp-json\/wp\/v2\/pages"}],"about":[{"href":"https:\/\/planetzavesti.com\/en\/wp-json\/wp\/v2\/types\/page"}],"author":[{"embeddable":true,"href":"https:\/\/planetzavesti.com\/en\/wp-json\/wp\/v2\/users\/1"}],"replies":[{"embeddable":true,"href":"https:\/\/planetzavesti.com\/en\/wp-json\/wp\/v2\/comments?post=3781"}],"version-history":[{"count":1,"href":"https:\/\/planetzavesti.com\/en\/wp-json\/wp\/v2\/pages\/3781\/revisions"}],"predecessor-version":[{"id":3782,"href":"https:\/\/planetzavesti.com\/en\/wp-json\/wp\/v2\/pages\/3781\/revisions\/3782"}],"wp:attachment":[{"href":"https:\/\/planetzavesti.com\/en\/wp-json\/wp\/v2\/media?parent=3781"}],"curies":[{"name":"wp","href":"https:\/\/api.w.org\/{rel}","templated":true}]}}